{"id":22745,"date":"2022-03-31T15:20:27","date_gmt":"2022-03-31T15:20:27","guid":{"rendered":"https:\/\/dgiexperts-conseils.com\/equipe\/"},"modified":"2025-07-02T23:05:20","modified_gmt":"2025-07-02T23:05:20","slug":"team","status":"publish","type":"page","link":"https:\/\/dgiexperts-conseils.com\/en\/team\/","title":{"rendered":"Team"},"content":{"rendered":"\t\t<div data-elementor-type=\"wp-page\" data-elementor-id=\"22745\" class=\"elementor elementor-22745 elementor-19340\" data-elementor-post-type=\"page\">\n\t\t\t\t\t\t<section class=\"ob-is-breaking-bad elementor-section elementor-top-section elementor-element elementor-element-2c4844d elementor-section-boxed elementor-section-height-default elementor-section-height-default sc_fly_static\" data-id=\"2c4844d\" data-element_type=\"section\" data-settings=\"{&quot;_ob_bbad_use_it&quot;:&quot;yes&quot;,&quot;_ob_bbad_sssic_use&quot;:&quot;no&quot;,&quot;_ob_glider_is_slider&quot;:&quot;no&quot;}\">\n\t\t\t\t\t\t<div class=\"elementor-container elementor-column-gap-extended\">\n\t\t\t\t\t<div class=\"elementor-column elementor-col-100 elementor-top-column elementor-element elementor-element-d835516 sc_content_align_center sc_layouts_column_icons_position_left sc_fly_static\" data-id=\"d835516\" data-element_type=\"column\" data-settings=\"{&quot;_ob_bbad_is_stalker&quot;:&quot;no&quot;,&quot;_ob_teleporter_use&quot;:false,&quot;_ob_column_hoveranimator&quot;:&quot;no&quot;,&quot;_ob_column_has_pseudo&quot;:&quot;no&quot;}\">\n\t\t\t<div class=\"elementor-widget-wrap elementor-element-populated\">\n\t\t\t\t\t\t<section class=\"ob-is-breaking-bad ob-bb-inner elementor-section-with-custom-width elementor-section elementor-inner-section elementor-element elementor-element-866d35f elementor-section-boxed elementor-section-height-default elementor-section-height-default sc_fly_static\" data-id=\"866d35f\" data-element_type=\"section\" data-settings=\"{&quot;_ob_bbad_use_it&quot;:&quot;yes&quot;,&quot;_ob_bbad_sssic_use&quot;:&quot;no&quot;,&quot;_ob_glider_is_slider&quot;:&quot;no&quot;}\">\n\t\t\t\t\t\t<div class=\"elementor-container elementor-column-gap-extended\">\n\t\t\t\t\t<div class=\"elementor-column elementor-col-100 elementor-inner-column elementor-element elementor-element-0206129 sc_content_align_inherit sc_layouts_column_icons_position_left sc_fly_static\" data-id=\"0206129\" data-element_type=\"column\" data-settings=\"{&quot;_ob_bbad_is_stalker&quot;:&quot;no&quot;,&quot;_ob_teleporter_use&quot;:false,&quot;_ob_column_hoveranimator&quot;:&quot;no&quot;,&quot;_ob_column_has_pseudo&quot;:&quot;no&quot;}\">\n\t\t\t<div class=\"elementor-widget-wrap elementor-element-populated\">\n\t\t\t\t\t\t<div class=\"elementor-element elementor-element-7d35d69 custom-title sc_fly_static ob-has-background-overlay elementor-widget elementor-widget-trx_sc_title\" data-id=\"7d35d69\" data-element_type=\"widget\" data-settings=\"{&quot;_ob_perspektive_use&quot;:&quot;no&quot;,&quot;_ob_poopart_use&quot;:&quot;yes&quot;,&quot;_ob_shadough_use&quot;:&quot;no&quot;,&quot;_ob_allow_hoveranimator&quot;:&quot;no&quot;,&quot;_ob_widget_stalker_use&quot;:&quot;no&quot;}\" data-widget_type=\"trx_sc_title.default\">\n\t\t\t\t<div class=\"elementor-widget-container\">\n\t\t\t\t\t<div\t\tclass=\"sc_title sc_title_default\" ><h1 class=\"sc_item_title sc_title_title sc_align_center sc_item_title_style_default sc_item_title_tag trx_addons_inline_462493968\"\n\t\t\t><span class=\"sc_item_title_text\">Our team<\/span><\/h1><span class=\"sc_item_subtitle sc_title_subtitle sc_align_center sc_item_subtitle_below sc_item_title_style_default sc_item_subtitle_with_custom_color trx_addons_inline_1090247433\">Passionate about engineering, united by shared values.<\/span><\/div>\t\t\t\t<\/div>\n\t\t\t\t<\/div>\n\t\t\t\t<div class=\"elementor-element elementor-element-bfb4ee4 elementor-widget__width-initial ob-harakiri-inherit sc_fly_static ob-has-background-overlay elementor-widget elementor-widget-text-editor\" data-id=\"bfb4ee4\" data-element_type=\"widget\" data-settings=\"{&quot;_ob_use_harakiri&quot;:&quot;yes&quot;,&quot;_ob_harakiri_writing_mode&quot;:&quot;inherit&quot;,&quot;_ob_postman_use&quot;:&quot;no&quot;,&quot;_ob_perspektive_use&quot;:&quot;no&quot;,&quot;_ob_poopart_use&quot;:&quot;yes&quot;,&quot;_ob_shadough_use&quot;:&quot;no&quot;,&quot;_ob_allow_hoveranimator&quot;:&quot;no&quot;,&quot;_ob_widget_stalker_use&quot;:&quot;no&quot;}\" data-widget_type=\"text-editor.default\">\n\t\t\t\t<div class=\"elementor-widget-container\">\n\t\t\t\t\t\t\t\t\t<p>At DGI, we rely on a team of skilled and experienced engineers. Their diverse backgrounds are an asset in finding solutions. We encourage everyone to contribute their ideas to the success of our projects.<\/p><div id=\"highlighter--hover-tools\" style=\"display: none;\"><div id=\"highlighter--hover-tools--container\"><div class=\"highlighter--icon highlighter--icon-copy\" title=\"Copy\">\u00a0<\/div><div class=\"highlighter--icon highlighter--icon-change-color\" title=\"Change Color\">\u00a0<\/div><div class=\"highlighter--icon highlighter--icon-delete\" title=\"Delete\">\u00a0<\/div><\/div><\/div>\t\t\t\t\t\t\t\t<\/div>\n\t\t\t\t<\/div>\n\t\t\t\t<div class=\"elementor-element elementor-element-672005a sc_fly_static ob-has-background-overlay elementor-widget elementor-widget-trx_sc_button\" data-id=\"672005a\" data-element_type=\"widget\" data-settings=\"{&quot;_ob_perspektive_use&quot;:&quot;no&quot;,&quot;_ob_poopart_use&quot;:&quot;yes&quot;,&quot;_ob_shadough_use&quot;:&quot;no&quot;,&quot;_ob_allow_hoveranimator&quot;:&quot;no&quot;,&quot;_ob_widget_stalker_use&quot;:&quot;no&quot;}\" data-widget_type=\"trx_sc_button.default\">\n\t\t\t\t<div class=\"elementor-widget-container\">\n\t\t\t\t\t<div\tclass=\"sc_item_button sc_button_wrap sc_align_center\" ><a href=\"#equipe\" class=\"sc_button sc_button_default sc_button_size_normal sc_button_icon_left\" ><span class=\"sc_button_text\"><span class=\"sc_button_title\">Our team <\/span><\/span><\/a><\/div>\t\t\t\t<\/div>\n\t\t\t\t<\/div>\n\t\t\t\t\t<\/div>\n\t\t<\/div>\n\t\t\t\t\t<\/div>\n\t\t<\/section>\n\t\t\t\t\t<\/div>\n\t\t<\/div>\n\t\t\t\t\t<\/div>\n\t\t<\/section>\n\t\t\t\t<section class=\"ob-is-breaking-bad elementor-section elementor-top-section elementor-element elementor-element-4d95cf2 elementor-section-boxed elementor-section-height-default elementor-section-height-default sc_fly_static\" data-id=\"4d95cf2\" data-element_type=\"section\" id=\"equipe\" data-settings=\"{&quot;_ob_bbad_use_it&quot;:&quot;yes&quot;,&quot;_ob_bbad_sssic_use&quot;:&quot;no&quot;,&quot;_ob_glider_is_slider&quot;:&quot;no&quot;}\">\n\t\t\t\t\t\t<div class=\"elementor-container elementor-column-gap-extended\">\n\t\t\t\t\t<div class=\"elementor-column elementor-col-100 elementor-top-column elementor-element elementor-element-c658184 sc_content_align_inherit sc_layouts_column_icons_position_left sc_fly_static\" data-id=\"c658184\" data-element_type=\"column\" data-settings=\"{&quot;_ob_bbad_is_stalker&quot;:&quot;no&quot;,&quot;_ob_teleporter_use&quot;:false,&quot;_ob_column_hoveranimator&quot;:&quot;no&quot;,&quot;_ob_column_has_pseudo&quot;:&quot;no&quot;}\">\n\t\t\t<div class=\"elementor-widget-wrap elementor-element-populated\">\n\t\t\t\t\t\t<div class=\"elementor-element elementor-element-0f5a780 sc_fly_static ob-has-background-overlay elementor-widget elementor-widget-trx_sc_team\" data-id=\"0f5a780\" data-element_type=\"widget\" data-settings=\"{&quot;_ob_perspektive_use&quot;:&quot;no&quot;,&quot;_ob_poopart_use&quot;:&quot;yes&quot;,&quot;_ob_shadough_use&quot;:&quot;no&quot;,&quot;_ob_allow_hoveranimator&quot;:&quot;no&quot;,&quot;_ob_widget_stalker_use&quot;:&quot;no&quot;}\" data-widget_type=\"trx_sc_team.default\">\n\t\t\t\t<div class=\"elementor-widget-container\">\n\t\t\t\t\t<div \t\tclass=\"sc_team sc_team_short\"><div class=\"sc_team_columns_wrap sc_item_columns sc_item_posts_container trx_addons_columns_wrap columns_padding_bottom columns_in_single_row\"><div class=\"trx_addons_column-1_3\"><div data-post-id=\"22782\" class=\"sc_team_item sc_item_container post_container no_links post-22782 cpt_team type-cpt_team status-publish has-post-thumbnail hentry cpt_team_group-experts-en\">\r\n\t<div class=\"post_featured sc_team_item_thumb trx_addons_hover trx_addons_hover_style_info_anim\"><img fetchpriority=\"high\" decoding=\"async\" width=\"570\" height=\"696\" src=\"https:\/\/dgiexperts-conseils.com\/wp-content\/uploads\/2025\/10\/Dominic-82-570x696.jpg\" class=\"attachment-planty-thumb-rectangle size-planty-thumb-rectangle wp-post-image\" alt=\"\" \/><div class=\"trx_addons_hover_team\"><div class=\"sc_team_item_socials socials_wrap trx_addons_hover_info\"><\/div><\/div><div class=\"trx_addons_hover_mask\"><\/div><\/div>\t<div class=\"sc_team_item_info\">\r\n\t\t<div class=\"sc_team_item_header\">\r\n\t\t\t<h4 class=\"sc_team_item_title entry-title\">Dominic G\u00e9linas, Eng.<\/h4>\r\n\t\t\t<div class=\"sc_team_item_subtitle\">Founder & CEO<\/div>\t\t<\/div>\r\n\t<\/div>\r\n<\/div>\r\n<\/div><div class=\"trx_addons_column-1_3\"><div data-post-id=\"22783\" class=\"sc_team_item sc_item_container post_container no_links post-22783 cpt_team type-cpt_team status-publish has-post-thumbnail hentry cpt_team_group-experts-en\">\r\n\t<div class=\"post_featured sc_team_item_thumb trx_addons_hover trx_addons_hover_style_info_anim\"><img decoding=\"async\" width=\"570\" height=\"696\" src=\"https:\/\/dgiexperts-conseils.com\/wp-content\/uploads\/2020\/04\/ff45834daa01b9bd5ddb32a2439d30a91-570x696.jpg\" class=\"attachment-planty-thumb-rectangle size-planty-thumb-rectangle wp-post-image\" alt=\"\" \/><div class=\"trx_addons_hover_team\"><div class=\"sc_team_item_socials socials_wrap trx_addons_hover_info\"><\/div><\/div><div class=\"trx_addons_hover_mask\"><\/div><\/div>\t<div class=\"sc_team_item_info\">\r\n\t\t<div class=\"sc_team_item_header\">\r\n\t\t\t<h4 class=\"sc_team_item_title entry-title\">Kevin Lauzi\u00e8re, Eng.<\/h4>\r\n\t\t\t<div class=\"sc_team_item_subtitle\">General manager<\/div>\t\t<\/div>\r\n\t<\/div>\r\n<\/div>\r\n<\/div><div class=\"trx_addons_column-1_3\"><div data-post-id=\"22784\" class=\"sc_team_item sc_item_container post_container no_links post-22784 cpt_team type-cpt_team status-publish has-post-thumbnail hentry cpt_team_group-experts-en\">\r\n\t<div class=\"post_featured sc_team_item_thumb trx_addons_hover trx_addons_hover_style_info_anim\"><img decoding=\"async\" width=\"570\" height=\"696\" src=\"https:\/\/dgiexperts-conseils.com\/wp-content\/uploads\/2020\/04\/dd96ed3e4f8023f12ad8e9b5390f21751-570x696.jpg\" class=\"attachment-planty-thumb-rectangle size-planty-thumb-rectangle wp-post-image\" alt=\"\" \/><div class=\"trx_addons_hover_team\"><div class=\"sc_team_item_socials socials_wrap trx_addons_hover_info\"><\/div><\/div><div class=\"trx_addons_hover_mask\"><\/div><\/div>\t<div class=\"sc_team_item_info\">\r\n\t\t<div class=\"sc_team_item_header\">\r\n\t\t\t<h4 class=\"sc_team_item_title entry-title\">Bartosz Gmyrek, Eng.<\/h4>\r\n\t\t\t<div class=\"sc_team_item_subtitle\">Project manager<\/div>\t\t<\/div>\r\n\t<\/div>\r\n<\/div>\r\n<\/div><\/div><\/div>\t\t\t\t<\/div>\n\t\t\t\t<\/div>\n\t\t\t\t\t<\/div>\n\t\t<\/div>\n\t\t\t\t\t<\/div>\n\t\t<\/section>\n\t\t\t\t<section class=\"ob-is-breaking-bad elementor-section elementor-top-section elementor-element elementor-element-38a9377 elementor-section-content-middle scheme_dark elementor-section-boxed elementor-section-height-default elementor-section-height-default sc_fly_static\" data-dce-background-color=\"#E71132\" data-id=\"38a9377\" data-element_type=\"section\" data-settings=\"{&quot;background_background&quot;:&quot;classic&quot;,&quot;_ob_bbad_use_it&quot;:&quot;yes&quot;,&quot;_ob_bbad_sssic_use&quot;:&quot;no&quot;,&quot;_ob_glider_is_slider&quot;:&quot;no&quot;}\">\n\t\t\t\t\t\t<div class=\"elementor-container elementor-column-gap-extended\">\n\t\t\t\t\t<div class=\"elementor-column elementor-col-50 elementor-top-column elementor-element elementor-element-848b593 sc-mobile_content_align_inherit sc_content_align_inherit sc_layouts_column_icons_position_left sc_fly_static\" data-id=\"848b593\" data-element_type=\"column\" data-settings=\"{&quot;_ob_bbad_is_stalker&quot;:&quot;no&quot;,&quot;_ob_teleporter_use&quot;:false,&quot;_ob_column_hoveranimator&quot;:&quot;no&quot;,&quot;_ob_column_has_pseudo&quot;:&quot;no&quot;}\">\n\t\t\t<div class=\"elementor-widget-wrap elementor-element-populated\">\n\t\t\t\t\t\t<div class=\"elementor-element elementor-element-8e42786 elementor-widget__width-initial sc_fly_static ob-has-background-overlay elementor-widget elementor-widget-trx_sc_title\" data-id=\"8e42786\" data-element_type=\"widget\" data-settings=\"{&quot;_ob_perspektive_use&quot;:&quot;no&quot;,&quot;_ob_poopart_use&quot;:&quot;yes&quot;,&quot;_ob_shadough_use&quot;:&quot;no&quot;,&quot;_ob_allow_hoveranimator&quot;:&quot;no&quot;,&quot;_ob_widget_stalker_use&quot;:&quot;no&quot;}\" data-widget_type=\"trx_sc_title.default\">\n\t\t\t\t<div class=\"elementor-widget-container\">\n\t\t\t\t\t<div\t\tclass=\"sc_title sc_title_default\" ><h2 class=\"sc_item_title sc_title_title sc_item_title_style_default\"\n\t\t\t><span class=\"sc_item_title_text\">Rethinking today's engineering, for tomorrow's world.\t<\/span><\/h2><\/div>\t\t\t\t<\/div>\n\t\t\t\t<\/div>\n\t\t\t\t\t<\/div>\n\t\t<\/div>\n\t\t\t\t<div class=\"elementor-column elementor-col-50 elementor-top-column elementor-element elementor-element-a723b72 sc_layouts_column_align_right sc_layouts_column sc-mobile_layouts_column_align_left sc_layouts_column sc_content_align_inherit sc_layouts_column_icons_position_left sc_fly_static\" data-id=\"a723b72\" data-element_type=\"column\" data-settings=\"{&quot;_ob_bbad_is_stalker&quot;:&quot;no&quot;,&quot;_ob_teleporter_use&quot;:false,&quot;_ob_column_hoveranimator&quot;:&quot;no&quot;,&quot;_ob_column_has_pseudo&quot;:&quot;no&quot;}\">\n\t\t\t<div class=\"elementor-widget-wrap elementor-element-populated\">\n\t\t\t\t\t\t<div class=\"elementor-element elementor-element-4ef69e8 sc_fly_static ob-has-background-overlay elementor-widget elementor-widget-trx_sc_button\" data-id=\"4ef69e8\" data-element_type=\"widget\" data-settings=\"{&quot;_ob_perspektive_use&quot;:&quot;no&quot;,&quot;_ob_poopart_use&quot;:&quot;yes&quot;,&quot;_ob_shadough_use&quot;:&quot;no&quot;,&quot;_ob_allow_hoveranimator&quot;:&quot;no&quot;,&quot;_ob_widget_stalker_use&quot;:&quot;no&quot;}\" data-widget_type=\"trx_sc_button.default\">\n\t\t\t\t<div class=\"elementor-widget-container\">\n\t\t\t\t\t<div\tclass=\"sc_item_button sc_button_wrap\" ><a href=\"https:\/\/dgiexperts-conseils.com\/en\/contact-us\/\" class=\"sc_button sc_button_default text-primary sc_button_size_normal sc_button_icon_left color_style_dark\" ><span class=\"sc_button_text sc_align_center\"><span class=\"sc_button_title\">Get a quote<\/span><\/span><\/a><\/div>\t\t\t\t<\/div>\n\t\t\t\t<\/div>\n\t\t\t\t\t<\/div>\n\t\t<\/div>\n\t\t\t\t\t<\/div>\n\t\t<\/section>\n\t\t\t\t<\/div>\n\t\t","protected":false},"excerpt":{"rendered":"<p>Our team Passionate about engineering, united by shared values. At DGI, we rely on a team of skilled and experienced engineers. Their diverse backgrounds are an asset in finding solutions. We encourage everyone to contribute their ideas to the success of our projects. \u00a0\u00a0\u00a0 Our team Kevin Lauzi\u00e8re, ing. Directeur G\u00e9n\u00e9ral Joseph Haddad, ing., M.Ing Directeur de projets Bartosz Gmyrek, CPI Charg\u00e9 de projets\u00a0 Rethinking today&#8217;s engineering, for tomorrow&#8217;s world. Get a quote<\/p>\n","protected":false},"author":1,"featured_media":0,"parent":0,"menu_order":0,"comment_status":"closed","ping_status":"closed","template":"","meta":{"_acf_changed":false,"footnotes":""},"class_list":["post-22745","page","type-page","status-publish","hentry"],"acf":[],"yoast_head":"<!-- This site is optimized with the Yoast SEO plugin v24.6 - https:\/\/yoast.com\/wordpress\/plugins\/seo\/ -->\n<title>Engineering firm - Our engineering team<\/title>\n<meta name=\"description\" content=\"Discover the passionate engineers behind your project&#039;s success. We are a team committed to delivering reliable, and effective solutions.\" \/>\n<meta name=\"robots\" content=\"index, follow, max-snippet:-1, max-image-preview:large, max-video-preview:-1\" \/>\n<link rel=\"canonical\" href=\"https:\/\/dgiexperts-conseils.com\/en\/team\/\" \/>\n<meta property=\"og:locale\" content=\"en_US\" \/>\n<meta property=\"og:type\" content=\"article\" \/>\n<meta property=\"og:title\" content=\"Engineering firm - Our engineering team\" \/>\n<meta property=\"og:description\" content=\"Discover the passionate engineers behind your project&#039;s success. We are a team committed to delivering reliable, and effective solutions.\" \/>\n<meta property=\"og:url\" content=\"https:\/\/dgiexperts-conseils.com\/en\/team\/\" \/>\n<meta property=\"og:site_name\" content=\"DGI Experts-conseils\" \/>\n<meta property=\"article:modified_time\" content=\"2025-07-02T23:05:20+00:00\" \/>\n<meta property=\"og:image\" content=\"https:\/\/dgiexperts-conseils.com\/wp-content\/uploads\/2020\/04\/ff45834daa01b9bd5ddb32a2439d30a91-570x696.jpg\" \/>\n<meta name=\"twitter:card\" content=\"summary_large_image\" \/>\n<meta name=\"twitter:label1\" content=\"Est. reading time\" \/>\n\t<meta name=\"twitter:data1\" content=\"1 minute\" \/>\n<script type=\"application\/ld+json\" class=\"yoast-schema-graph\">{\"@context\":\"https:\/\/schema.org\",\"@graph\":[{\"@type\":\"WebPage\",\"@id\":\"https:\/\/dgiexperts-conseils.com\/en\/team\/\",\"url\":\"https:\/\/dgiexperts-conseils.com\/en\/team\/\",\"name\":\"Engineering firm - Our engineering team\",\"isPartOf\":{\"@id\":\"https:\/\/dgiexperts-conseils.com\/en\/#website\"},\"primaryImageOfPage\":{\"@id\":\"https:\/\/dgiexperts-conseils.com\/en\/team\/#primaryimage\"},\"image\":{\"@id\":\"https:\/\/dgiexperts-conseils.com\/en\/team\/#primaryimage\"},\"thumbnailUrl\":\"https:\/\/dgiexperts-conseils.com\/wp-content\/uploads\/2020\/04\/ff45834daa01b9bd5ddb32a2439d30a91-570x696.jpg\",\"datePublished\":\"2022-03-31T15:20:27+00:00\",\"dateModified\":\"2025-07-02T23:05:20+00:00\",\"description\":\"Discover the passionate engineers behind your project's success. We are a team committed to delivering reliable, and effective solutions.\",\"breadcrumb\":{\"@id\":\"https:\/\/dgiexperts-conseils.com\/en\/team\/#breadcrumb\"},\"inLanguage\":\"en-CA\",\"potentialAction\":[{\"@type\":\"ReadAction\",\"target\":[\"https:\/\/dgiexperts-conseils.com\/en\/team\/\"]}]},{\"@type\":\"ImageObject\",\"inLanguage\":\"en-CA\",\"@id\":\"https:\/\/dgiexperts-conseils.com\/en\/team\/#primaryimage\",\"url\":\"https:\/\/dgiexperts-conseils.com\/wp-content\/uploads\/2020\/04\/ff45834daa01b9bd5ddb32a2439d30a91-570x696.jpg\",\"contentUrl\":\"https:\/\/dgiexperts-conseils.com\/wp-content\/uploads\/2020\/04\/ff45834daa01b9bd5ddb32a2439d30a91-570x696.jpg\"},{\"@type\":\"BreadcrumbList\",\"@id\":\"https:\/\/dgiexperts-conseils.com\/en\/team\/#breadcrumb\",\"itemListElement\":[{\"@type\":\"ListItem\",\"position\":1,\"name\":\"Home\",\"item\":\"https:\/\/dgiexperts-conseils.com\/en\/\"},{\"@type\":\"ListItem\",\"position\":2,\"name\":\"Team\"}]},{\"@type\":\"WebSite\",\"@id\":\"https:\/\/dgiexperts-conseils.com\/en\/#website\",\"url\":\"https:\/\/dgiexperts-conseils.com\/en\/\",\"name\":\"DGI Experts-conseils\",\"description\":\"Votre partenaire en ing\u00e9nierie\",\"publisher\":{\"@id\":\"https:\/\/dgiexperts-conseils.com\/en\/#organization\"},\"potentialAction\":[{\"@type\":\"SearchAction\",\"target\":{\"@type\":\"EntryPoint\",\"urlTemplate\":\"https:\/\/dgiexperts-conseils.com\/en\/?s={search_term_string}\"},\"query-input\":{\"@type\":\"PropertyValueSpecification\",\"valueRequired\":true,\"valueName\":\"search_term_string\"}}],\"inLanguage\":\"en-CA\"},{\"@type\":\"Organization\",\"@id\":\"https:\/\/dgiexperts-conseils.com\/en\/#organization\",\"name\":\"DGI Experts-conseils\",\"url\":\"https:\/\/dgiexperts-conseils.com\/en\/\",\"logo\":{\"@type\":\"ImageObject\",\"inLanguage\":\"en-CA\",\"@id\":\"https:\/\/dgiexperts-conseils.com\/en\/#\/schema\/logo\/image\/\",\"url\":\"https:\/\/dgiexperts-conseils.com\/wp-content\/uploads\/2025\/02\/Logo.png\",\"contentUrl\":\"https:\/\/dgiexperts-conseils.com\/wp-content\/uploads\/2025\/02\/Logo.png\",\"width\":72,\"height\":121,\"caption\":\"DGI Experts-conseils\"},\"image\":{\"@id\":\"https:\/\/dgiexperts-conseils.com\/en\/#\/schema\/logo\/image\/\"}}]}<\/script>\n<!-- \/ Yoast SEO plugin. -->","yoast_head_json":{"title":"Engineering firm - Our engineering team","description":"Discover the passionate engineers behind your project's success. We are a team committed to delivering reliable, and effective solutions.","robots":{"index":"index","follow":"follow","max-snippet":"max-snippet:-1","max-image-preview":"max-image-preview:large","max-video-preview":"max-video-preview:-1"},"canonical":"https:\/\/dgiexperts-conseils.com\/en\/team\/","og_locale":"en_US","og_type":"article","og_title":"Engineering firm - Our engineering team","og_description":"Discover the passionate engineers behind your project's success. We are a team committed to delivering reliable, and effective solutions.","og_url":"https:\/\/dgiexperts-conseils.com\/en\/team\/","og_site_name":"DGI Experts-conseils","article_modified_time":"2025-07-02T23:05:20+00:00","og_image":[{"url":"https:\/\/dgiexperts-conseils.com\/wp-content\/uploads\/2020\/04\/ff45834daa01b9bd5ddb32a2439d30a91-570x696.jpg","type":"","width":"","height":""}],"twitter_card":"summary_large_image","twitter_misc":{"Est. reading time":"1 minute"},"schema":{"@context":"https:\/\/schema.org","@graph":[{"@type":"WebPage","@id":"https:\/\/dgiexperts-conseils.com\/en\/team\/","url":"https:\/\/dgiexperts-conseils.com\/en\/team\/","name":"Engineering firm - Our engineering team","isPartOf":{"@id":"https:\/\/dgiexperts-conseils.com\/en\/#website"},"primaryImageOfPage":{"@id":"https:\/\/dgiexperts-conseils.com\/en\/team\/#primaryimage"},"image":{"@id":"https:\/\/dgiexperts-conseils.com\/en\/team\/#primaryimage"},"thumbnailUrl":"https:\/\/dgiexperts-conseils.com\/wp-content\/uploads\/2020\/04\/ff45834daa01b9bd5ddb32a2439d30a91-570x696.jpg","datePublished":"2022-03-31T15:20:27+00:00","dateModified":"2025-07-02T23:05:20+00:00","description":"Discover the passionate engineers behind your project's success. We are a team committed to delivering reliable, and effective solutions.","breadcrumb":{"@id":"https:\/\/dgiexperts-conseils.com\/en\/team\/#breadcrumb"},"inLanguage":"en-CA","potentialAction":[{"@type":"ReadAction","target":["https:\/\/dgiexperts-conseils.com\/en\/team\/"]}]},{"@type":"ImageObject","inLanguage":"en-CA","@id":"https:\/\/dgiexperts-conseils.com\/en\/team\/#primaryimage","url":"https:\/\/dgiexperts-conseils.com\/wp-content\/uploads\/2020\/04\/ff45834daa01b9bd5ddb32a2439d30a91-570x696.jpg","contentUrl":"https:\/\/dgiexperts-conseils.com\/wp-content\/uploads\/2020\/04\/ff45834daa01b9bd5ddb32a2439d30a91-570x696.jpg"},{"@type":"BreadcrumbList","@id":"https:\/\/dgiexperts-conseils.com\/en\/team\/#breadcrumb","itemListElement":[{"@type":"ListItem","position":1,"name":"Home","item":"https:\/\/dgiexperts-conseils.com\/en\/"},{"@type":"ListItem","position":2,"name":"Team"}]},{"@type":"WebSite","@id":"https:\/\/dgiexperts-conseils.com\/en\/#website","url":"https:\/\/dgiexperts-conseils.com\/en\/","name":"DGI Experts-conseils","description":"Votre partenaire en ing\u00e9nierie","publisher":{"@id":"https:\/\/dgiexperts-conseils.com\/en\/#organization"},"potentialAction":[{"@type":"SearchAction","target":{"@type":"EntryPoint","urlTemplate":"https:\/\/dgiexperts-conseils.com\/en\/?s={search_term_string}"},"query-input":{"@type":"PropertyValueSpecification","valueRequired":true,"valueName":"search_term_string"}}],"inLanguage":"en-CA"},{"@type":"Organization","@id":"https:\/\/dgiexperts-conseils.com\/en\/#organization","name":"DGI Experts-conseils","url":"https:\/\/dgiexperts-conseils.com\/en\/","logo":{"@type":"ImageObject","inLanguage":"en-CA","@id":"https:\/\/dgiexperts-conseils.com\/en\/#\/schema\/logo\/image\/","url":"https:\/\/dgiexperts-conseils.com\/wp-content\/uploads\/2025\/02\/Logo.png","contentUrl":"https:\/\/dgiexperts-conseils.com\/wp-content\/uploads\/2025\/02\/Logo.png","width":72,"height":121,"caption":"DGI Experts-conseils"},"image":{"@id":"https:\/\/dgiexperts-conseils.com\/en\/#\/schema\/logo\/image\/"}}]}},"_links":{"self":[{"href":"https:\/\/dgiexperts-conseils.com\/en\/wp-json\/wp\/v2\/pages\/22745","targetHints":{"allow":["GET"]}}],"collection":[{"href":"https:\/\/dgiexperts-conseils.com\/en\/wp-json\/wp\/v2\/pages"}],"about":[{"href":"https:\/\/dgiexperts-conseils.com\/en\/wp-json\/wp\/v2\/types\/page"}],"author":[{"embeddable":true,"href":"https:\/\/dgiexperts-conseils.com\/en\/wp-json\/wp\/v2\/users\/1"}],"replies":[{"embeddable":true,"href":"https:\/\/dgiexperts-conseils.com\/en\/wp-json\/wp\/v2\/comments?post=22745"}],"version-history":[{"count":10,"href":"https:\/\/dgiexperts-conseils.com\/en\/wp-json\/wp\/v2\/pages\/22745\/revisions"}],"predecessor-version":[{"id":23298,"href":"https:\/\/dgiexperts-conseils.com\/en\/wp-json\/wp\/v2\/pages\/22745\/revisions\/23298"}],"wp:attachment":[{"href":"https:\/\/dgiexperts-conseils.com\/en\/wp-json\/wp\/v2\/media?parent=22745"}],"curies":[{"name":"wp","href":"https:\/\/api.w.org\/{rel}","templated":true}]}}